{"id":68541,"date":"2024-12-17T10:29:05","date_gmt":"2024-12-17T13:29:05","guid":{"rendered":"https:\/\/www.motocarescapes.com.br\/v2\/?post_type=product&#038;p=68541"},"modified":"2025-10-21T17:20:38","modified_gmt":"2025-10-21T20:20:38","slug":"escapamento-estralador-de-lata-2-fan-start-titan-160-esse-nao-e-o-desmiolado","status":"publish","type":"product","link":"https:\/\/www.motocarescapes.com.br\/v2\/produto\/escapamento-estralador-de-lata-2-fan-start-titan-160-esse-nao-e-o-desmiolado\/","title":{"rendered":"Escapamento Estralador De Lata 2  Fan\/Start\/Titan 160 (ESSE N\u00c3O \u00c9 O DESMIOLADO)"},"content":{"rendered":"<p>&nbsp;<\/p>\n<p><iframe title=\"SAIU OS NOVOS ESCAPE DE LATA (Desmiolado) DE F\u00c1BRICA \ud83d\ude33 (2025) #escapedesmiolado #delata #grau\" width=\"843\" height=\"474\" src=\"https:\/\/www.youtube.com\/embed\/e7Go8WW_rS8?feature=oembed\" frameborder=\"0\" allow=\"accelerometer; autoplay; clipboard-write; encrypted-media; gyroscope; picture-in-picture; web-share\" referrerpolicy=\"strict-origin-when-cross-origin\" allowfullscreen><\/iframe><\/p>\n<p>Escapamento Estralador De Lata 2 Titan 160 Fan 160 Start 160 (ESSE N\u00c3O \u00c9 O DESMIOLADO)<\/p>\n<p>. Modelo novo \/ Lan\u00e7amento<br \/>\n. Barulho M\u00e9dio \/ Alto<br \/>\n. Cromo de alta qualidade<br \/>\n. Reposicionado mais pra cima<br \/>\n. Sem protetor \/ sem suporte<br \/>\n. Suporte da pedaleira com dois furo , duas op\u00e7\u00f5es de posicionamento (normal ou \u201cna seta\u201d) de acordo com o modelo do pedal de freio<br \/>\n. Escape para Competi\u00e7\u00e3o Wheeling<br \/>\n. N\u00edvel de ru\u00eddo acima do permitido!!<\/p>\n<p>1,10 comprimento<br \/>\n45 cm altura<br \/>\n10 cm largura<br \/>\n3,1KG<\/p>\n<p>APLICA\u00c7\u00c3O:<br \/>\nHONDA TITAN 160 TODOS OS ANOS<br \/>\nHONDA FAN 160 TODOS OS ANOS<br \/>\nHONDA START 160 TODOS OS ANOS<\/p>\n<p>= N\u00c3O ACOMPANHA PROTETOR =<br \/>\n= FOTOS MERAMENTE ILUSTRATIVAS =<\/p>\n<p>SEMPRE recomendamos que a troca ou instala\u00e7\u00e3o seja feita por um profissional qualificado e experiente nesse tipo de servi\u00e7o!<br \/>\nN\u00c3O nos responsabilizamos pelo mau uso e\/ou m\u00e1 instala\u00e7\u00e3o do produto!<br \/>\nO escapamento \u00e9 respons\u00e1vel por eliminar os gases do motor. Dependendo do modelo, a intensidade do som gerado por esse processo pode AUMENTAR ou DIMINUIR!<\/p>\n","protected":false},"excerpt":{"rendered":"<p>&nbsp; Escapamento Estralador De Lata 2 Titan 160 Fan 160 Start 160 (ESSE N\u00c3O \u00c9 O DESMIOLADO) . Modelo novo \/ Lan\u00e7amento . Barulho M\u00e9dio&hellip;<\/p>\n","protected":false},"featured_media":68337,"comment_status":"open","ping_status":"closed","template":"","meta":[],"product_brand":[],"product_cat":[17],"product_tag":[],"class_list":{"0":"post-68541","1":"product","2":"type-product","3":"status-publish","4":"has-post-thumbnail","6":"product_cat-honda","7":"product_shipping_class-melhor-envio","9":"first","10":"outofstock","11":"shipping-taxable","12":"purchasable","13":"product-type-simple","14":"customify-col","15":"product-has-gallery"},"aioseo_notices":[],"yoast_head":"<!-- This site is optimized with the Yoast SEO plugin v27.3 - https:\/\/yoast.com\/product\/yoast-seo-wordpress\/ -->\n<title>Escapamento Estralador De Lata 2 Fan\/Start\/Titan 160 (ESSE N\u00c3O \u00c9 O DESMIOLADO) - MOTO&#039;CAR ESCAPES<\/title>\n<meta name=\"robots\" content=\"index, follow, max-snippet:-1, max-image-preview:large, max-video-preview:-1\" \/>\n<link rel=\"canonical\" href=\"https:\/\/www.motocarescapes.com.br\/v2\/produto\/escapamento-estralador-de-lata-2-fan-start-titan-160-esse-nao-e-o-desmiolado\/\" \/>\n<meta property=\"og:locale\" content=\"pt_BR\" \/>\n<meta property=\"og:type\" content=\"article\" \/>\n<meta property=\"og:title\" content=\"Escapamento Estralador De Lata 2 Fan\/Start\/Titan 160 (ESSE N\u00c3O \u00c9 O DESMIOLADO) - MOTO&#039;CAR ESCAPES\" \/>\n<meta property=\"og:description\" content=\"&nbsp; Escapamento Estralador De Lata 2 Titan 160 Fan 160 Start 160 (ESSE N\u00c3O \u00c9 O DESMIOLADO) . Modelo novo \/ Lan\u00e7amento . Barulho M\u00e9dio&hellip;\" \/>\n<meta property=\"og:url\" content=\"https:\/\/www.motocarescapes.com.br\/v2\/produto\/escapamento-estralador-de-lata-2-fan-start-titan-160-esse-nao-e-o-desmiolado\/\" \/>\n<meta property=\"og:site_name\" content=\"MOTO&#039;CAR ESCAPES\" \/>\n<meta property=\"article:publisher\" content=\"https:\/\/www.facebook.com\/motocarescapes\/\" \/>\n<meta property=\"article:modified_time\" content=\"2025-10-21T20:20:38+00:00\" \/>\n<meta property=\"og:image\" content=\"https:\/\/www.motocarescapes.com.br\/v2\/wp-content\/uploads\/2024\/07\/WhatsApp-Image-2024-07-03-at-10.48.41.jpeg\" \/>\n\t<meta property=\"og:image:width\" content=\"1200\" \/>\n\t<meta property=\"og:image:height\" content=\"1200\" \/>\n\t<meta property=\"og:image:type\" content=\"image\/jpeg\" \/>\n<meta name=\"twitter:card\" content=\"summary_large_image\" \/>\n<meta name=\"twitter:label1\" content=\"Est. tempo de leitura\" \/>\n\t<meta name=\"twitter:data1\" content=\"1 minuto\" \/>\n<script type=\"application\/ld+json\" class=\"yoast-schema-graph\">{\"@context\":\"https:\\\/\\\/schema.org\",\"@graph\":[{\"@type\":\"WebPage\",\"@id\":\"https:\\\/\\\/www.motocarescapes.com.br\\\/v2\\\/produto\\\/escapamento-estralador-de-lata-2-fan-start-titan-160-esse-nao-e-o-desmiolado\\\/\",\"url\":\"https:\\\/\\\/www.motocarescapes.com.br\\\/v2\\\/produto\\\/escapamento-estralador-de-lata-2-fan-start-titan-160-esse-nao-e-o-desmiolado\\\/\",\"name\":\"Escapamento Estralador De Lata 2 Fan\\\/Start\\\/Titan 160 (ESSE N\u00c3O \u00c9 O DESMIOLADO) - MOTO&#039;CAR ESCAPES\",\"isPartOf\":{\"@id\":\"https:\\\/\\\/www.motocarescapes.com.br\\\/v2\\\/#website\"},\"primaryImageOfPage\":{\"@id\":\"https:\\\/\\\/www.motocarescapes.com.br\\\/v2\\\/produto\\\/escapamento-estralador-de-lata-2-fan-start-titan-160-esse-nao-e-o-desmiolado\\\/#primaryimage\"},\"image\":{\"@id\":\"https:\\\/\\\/www.motocarescapes.com.br\\\/v2\\\/produto\\\/escapamento-estralador-de-lata-2-fan-start-titan-160-esse-nao-e-o-desmiolado\\\/#primaryimage\"},\"thumbnailUrl\":\"https:\\\/\\\/www.motocarescapes.com.br\\\/v2\\\/wp-content\\\/uploads\\\/2024\\\/07\\\/WhatsApp-Image-2024-07-03-at-10.48.41.jpeg\",\"datePublished\":\"2024-12-17T13:29:05+00:00\",\"dateModified\":\"2025-10-21T20:20:38+00:00\",\"breadcrumb\":{\"@id\":\"https:\\\/\\\/www.motocarescapes.com.br\\\/v2\\\/produto\\\/escapamento-estralador-de-lata-2-fan-start-titan-160-esse-nao-e-o-desmiolado\\\/#breadcrumb\"},\"inLanguage\":\"pt-BR\",\"potentialAction\":[{\"@type\":\"ReadAction\",\"target\":[\"https:\\\/\\\/www.motocarescapes.com.br\\\/v2\\\/produto\\\/escapamento-estralador-de-lata-2-fan-start-titan-160-esse-nao-e-o-desmiolado\\\/\"]}]},{\"@type\":\"ImageObject\",\"inLanguage\":\"pt-BR\",\"@id\":\"https:\\\/\\\/www.motocarescapes.com.br\\\/v2\\\/produto\\\/escapamento-estralador-de-lata-2-fan-start-titan-160-esse-nao-e-o-desmiolado\\\/#primaryimage\",\"url\":\"https:\\\/\\\/www.motocarescapes.com.br\\\/v2\\\/wp-content\\\/uploads\\\/2024\\\/07\\\/WhatsApp-Image-2024-07-03-at-10.48.41.jpeg\",\"contentUrl\":\"https:\\\/\\\/www.motocarescapes.com.br\\\/v2\\\/wp-content\\\/uploads\\\/2024\\\/07\\\/WhatsApp-Image-2024-07-03-at-10.48.41.jpeg\",\"width\":1200,\"height\":1200},{\"@type\":\"BreadcrumbList\",\"@id\":\"https:\\\/\\\/www.motocarescapes.com.br\\\/v2\\\/produto\\\/escapamento-estralador-de-lata-2-fan-start-titan-160-esse-nao-e-o-desmiolado\\\/#breadcrumb\",\"itemListElement\":[{\"@type\":\"ListItem\",\"position\":1,\"name\":\"In\u00edcio\",\"item\":\"https:\\\/\\\/www.motocarescapes.com.br\\\/v2\\\/\"},{\"@type\":\"ListItem\",\"position\":2,\"name\":\"Conhe\u00e7a os nossos produtos\",\"item\":\"https:\\\/\\\/www.motocarescapes.com.br\\\/v2\\\/\"},{\"@type\":\"ListItem\",\"position\":3,\"name\":\"Escapamento Estralador De Lata 2 Fan\\\/Start\\\/Titan 160 (ESSE N\u00c3O \u00c9 O DESMIOLADO)\"}]},{\"@type\":\"WebSite\",\"@id\":\"https:\\\/\\\/www.motocarescapes.com.br\\\/v2\\\/#website\",\"url\":\"https:\\\/\\\/www.motocarescapes.com.br\\\/v2\\\/\",\"name\":\"MOTO&#039;CAR ESCAPES\",\"description\":\"S\u00f3 mais um site WordPress\",\"publisher\":{\"@id\":\"https:\\\/\\\/www.motocarescapes.com.br\\\/v2\\\/#organization\"},\"potentialAction\":[{\"@type\":\"SearchAction\",\"target\":{\"@type\":\"EntryPoint\",\"urlTemplate\":\"https:\\\/\\\/www.motocarescapes.com.br\\\/v2\\\/?s={search_term_string}\"},\"query-input\":{\"@type\":\"PropertyValueSpecification\",\"valueRequired\":true,\"valueName\":\"search_term_string\"}}],\"inLanguage\":\"pt-BR\"},{\"@type\":\"Organization\",\"@id\":\"https:\\\/\\\/www.motocarescapes.com.br\\\/v2\\\/#organization\",\"name\":\"Moto'car Escapes\",\"url\":\"https:\\\/\\\/www.motocarescapes.com.br\\\/v2\\\/\",\"logo\":{\"@type\":\"ImageObject\",\"inLanguage\":\"pt-BR\",\"@id\":\"https:\\\/\\\/www.motocarescapes.com.br\\\/v2\\\/#\\\/schema\\\/logo\\\/image\\\/\",\"url\":\"https:\\\/\\\/www.motocarescapes.com.br\\\/v2\\\/wp-content\\\/uploads\\\/2021\\\/01\\\/IMG-20210113-WA0022.jpg\",\"contentUrl\":\"https:\\\/\\\/www.motocarescapes.com.br\\\/v2\\\/wp-content\\\/uploads\\\/2021\\\/01\\\/IMG-20210113-WA0022.jpg\",\"width\":1280,\"height\":769,\"caption\":\"Moto'car Escapes\"},\"image\":{\"@id\":\"https:\\\/\\\/www.motocarescapes.com.br\\\/v2\\\/#\\\/schema\\\/logo\\\/image\\\/\"},\"sameAs\":[\"https:\\\/\\\/www.facebook.com\\\/motocarescapes\\\/\",\"https:\\\/\\\/www.instagram.com\\\/motocarescapes\\\/\",\"https:\\\/\\\/youtube.com\\\/c\\\/MotoCarEscapes\"]}]}<\/script>\n<!-- \/ Yoast SEO plugin. -->","yoast_head_json":{"title":"Escapamento Estralador De Lata 2 Fan\/Start\/Titan 160 (ESSE N\u00c3O \u00c9 O DESMIOLADO) - MOTO&#039;CAR ESCAPES","robots":{"index":"index","follow":"follow","max-snippet":"max-snippet:-1","max-image-preview":"max-image-preview:large","max-video-preview":"max-video-preview:-1"},"canonical":"https:\/\/www.motocarescapes.com.br\/v2\/produto\/escapamento-estralador-de-lata-2-fan-start-titan-160-esse-nao-e-o-desmiolado\/","og_locale":"pt_BR","og_type":"article","og_title":"Escapamento Estralador De Lata 2 Fan\/Start\/Titan 160 (ESSE N\u00c3O \u00c9 O DESMIOLADO) - MOTO&#039;CAR ESCAPES","og_description":"&nbsp; Escapamento Estralador De Lata 2 Titan 160 Fan 160 Start 160 (ESSE N\u00c3O \u00c9 O DESMIOLADO) . Modelo novo \/ Lan\u00e7amento . Barulho M\u00e9dio&hellip;","og_url":"https:\/\/www.motocarescapes.com.br\/v2\/produto\/escapamento-estralador-de-lata-2-fan-start-titan-160-esse-nao-e-o-desmiolado\/","og_site_name":"MOTO&#039;CAR ESCAPES","article_publisher":"https:\/\/www.facebook.com\/motocarescapes\/","article_modified_time":"2025-10-21T20:20:38+00:00","og_image":[{"width":1200,"height":1200,"url":"https:\/\/www.motocarescapes.com.br\/v2\/wp-content\/uploads\/2024\/07\/WhatsApp-Image-2024-07-03-at-10.48.41.jpeg","type":"image\/jpeg"}],"twitter_card":"summary_large_image","twitter_misc":{"Est. tempo de leitura":"1 minuto"},"schema":{"@context":"https:\/\/schema.org","@graph":[{"@type":"WebPage","@id":"https:\/\/www.motocarescapes.com.br\/v2\/produto\/escapamento-estralador-de-lata-2-fan-start-titan-160-esse-nao-e-o-desmiolado\/","url":"https:\/\/www.motocarescapes.com.br\/v2\/produto\/escapamento-estralador-de-lata-2-fan-start-titan-160-esse-nao-e-o-desmiolado\/","name":"Escapamento Estralador De Lata 2 Fan\/Start\/Titan 160 (ESSE N\u00c3O \u00c9 O DESMIOLADO) - MOTO&#039;CAR ESCAPES","isPartOf":{"@id":"https:\/\/www.motocarescapes.com.br\/v2\/#website"},"primaryImageOfPage":{"@id":"https:\/\/www.motocarescapes.com.br\/v2\/produto\/escapamento-estralador-de-lata-2-fan-start-titan-160-esse-nao-e-o-desmiolado\/#primaryimage"},"image":{"@id":"https:\/\/www.motocarescapes.com.br\/v2\/produto\/escapamento-estralador-de-lata-2-fan-start-titan-160-esse-nao-e-o-desmiolado\/#primaryimage"},"thumbnailUrl":"https:\/\/www.motocarescapes.com.br\/v2\/wp-content\/uploads\/2024\/07\/WhatsApp-Image-2024-07-03-at-10.48.41.jpeg","datePublished":"2024-12-17T13:29:05+00:00","dateModified":"2025-10-21T20:20:38+00:00","breadcrumb":{"@id":"https:\/\/www.motocarescapes.com.br\/v2\/produto\/escapamento-estralador-de-lata-2-fan-start-titan-160-esse-nao-e-o-desmiolado\/#breadcrumb"},"inLanguage":"pt-BR","potentialAction":[{"@type":"ReadAction","target":["https:\/\/www.motocarescapes.com.br\/v2\/produto\/escapamento-estralador-de-lata-2-fan-start-titan-160-esse-nao-e-o-desmiolado\/"]}]},{"@type":"ImageObject","inLanguage":"pt-BR","@id":"https:\/\/www.motocarescapes.com.br\/v2\/produto\/escapamento-estralador-de-lata-2-fan-start-titan-160-esse-nao-e-o-desmiolado\/#primaryimage","url":"https:\/\/www.motocarescapes.com.br\/v2\/wp-content\/uploads\/2024\/07\/WhatsApp-Image-2024-07-03-at-10.48.41.jpeg","contentUrl":"https:\/\/www.motocarescapes.com.br\/v2\/wp-content\/uploads\/2024\/07\/WhatsApp-Image-2024-07-03-at-10.48.41.jpeg","width":1200,"height":1200},{"@type":"BreadcrumbList","@id":"https:\/\/www.motocarescapes.com.br\/v2\/produto\/escapamento-estralador-de-lata-2-fan-start-titan-160-esse-nao-e-o-desmiolado\/#breadcrumb","itemListElement":[{"@type":"ListItem","position":1,"name":"In\u00edcio","item":"https:\/\/www.motocarescapes.com.br\/v2\/"},{"@type":"ListItem","position":2,"name":"Conhe\u00e7a os nossos produtos","item":"https:\/\/www.motocarescapes.com.br\/v2\/"},{"@type":"ListItem","position":3,"name":"Escapamento Estralador De Lata 2 Fan\/Start\/Titan 160 (ESSE N\u00c3O \u00c9 O DESMIOLADO)"}]},{"@type":"WebSite","@id":"https:\/\/www.motocarescapes.com.br\/v2\/#website","url":"https:\/\/www.motocarescapes.com.br\/v2\/","name":"MOTO&#039;CAR ESCAPES","description":"S\u00f3 mais um site WordPress","publisher":{"@id":"https:\/\/www.motocarescapes.com.br\/v2\/#organization"},"potentialAction":[{"@type":"SearchAction","target":{"@type":"EntryPoint","urlTemplate":"https:\/\/www.motocarescapes.com.br\/v2\/?s={search_term_string}"},"query-input":{"@type":"PropertyValueSpecification","valueRequired":true,"valueName":"search_term_string"}}],"inLanguage":"pt-BR"},{"@type":"Organization","@id":"https:\/\/www.motocarescapes.com.br\/v2\/#organization","name":"Moto'car Escapes","url":"https:\/\/www.motocarescapes.com.br\/v2\/","logo":{"@type":"ImageObject","inLanguage":"pt-BR","@id":"https:\/\/www.motocarescapes.com.br\/v2\/#\/schema\/logo\/image\/","url":"https:\/\/www.motocarescapes.com.br\/v2\/wp-content\/uploads\/2021\/01\/IMG-20210113-WA0022.jpg","contentUrl":"https:\/\/www.motocarescapes.com.br\/v2\/wp-content\/uploads\/2021\/01\/IMG-20210113-WA0022.jpg","width":1280,"height":769,"caption":"Moto'car Escapes"},"image":{"@id":"https:\/\/www.motocarescapes.com.br\/v2\/#\/schema\/logo\/image\/"},"sameAs":["https:\/\/www.facebook.com\/motocarescapes\/","https:\/\/www.instagram.com\/motocarescapes\/","https:\/\/youtube.com\/c\/MotoCarEscapes"]}]}},"_links":{"self":[{"href":"https:\/\/www.motocarescapes.com.br\/v2\/wp-json\/wp\/v2\/product\/68541","targetHints":{"allow":["GET"]}}],"collection":[{"href":"https:\/\/www.motocarescapes.com.br\/v2\/wp-json\/wp\/v2\/product"}],"about":[{"href":"https:\/\/www.motocarescapes.com.br\/v2\/wp-json\/wp\/v2\/types\/product"}],"replies":[{"embeddable":true,"href":"https:\/\/www.motocarescapes.com.br\/v2\/wp-json\/wp\/v2\/comments?post=68541"}],"wp:featuredmedia":[{"embeddable":true,"href":"https:\/\/www.motocarescapes.com.br\/v2\/wp-json\/wp\/v2\/media\/68337"}],"wp:attachment":[{"href":"https:\/\/www.motocarescapes.com.br\/v2\/wp-json\/wp\/v2\/media?parent=68541"}],"wp:term":[{"taxonomy":"product_brand","embeddable":true,"href":"https:\/\/www.motocarescapes.com.br\/v2\/wp-json\/wp\/v2\/product_brand?post=68541"},{"taxonomy":"product_cat","embeddable":true,"href":"https:\/\/www.motocarescapes.com.br\/v2\/wp-json\/wp\/v2\/product_cat?post=68541"},{"taxonomy":"product_tag","embeddable":true,"href":"https:\/\/www.motocarescapes.com.br\/v2\/wp-json\/wp\/v2\/product_tag?post=68541"}],"curies":[{"name":"wp","href":"https:\/\/api.w.org\/{rel}","templated":true}]}}