{"id":65,"date":"2019-07-12T11:08:14","date_gmt":"2019-07-12T14:08:14","guid":{"rendered":"https:\/\/motocarescapes.com.br\/v2\/?product=import-placeholder-for-930"},"modified":"2024-07-11T08:51:20","modified_gmt":"2024-07-11T11:51:20","slug":"escape-operado-2-em-1-original-e-grave-esportivo-similar-honda-fan-125-2009-a-2013","status":"publish","type":"product","link":"https:\/\/www.motocarescapes.com.br\/v2\/produto\/escape-operado-2-em-1-original-e-grave-esportivo-similar-honda-fan-125-2009-a-2013\/","title":{"rendered":"Escape Operado 2 em 1 (Original e Grave Esportivo) Similar Honda Fan 125 2009 \u00e0 2013"},"content":{"rendered":"<p><strong>Escape Operado 2 em 1 (Original e Grave Esportivo) Similar Honda Fan 125 2009\/2010\/2011\/2012\/2013<br \/>\n<\/strong><\/p>\n<p>Escape Operado 2 em 1 (Feito Artesanalmente) que permite voc\u00ea andar no silencioso e Grave Esportivo no mesmo escape, acompanha chave girat\u00f3ria com cabo de a\u00e7o, candu\u00edte e safra on\u00e7a.<\/p>\n<p>F\u00e1cil Instala\u00e7\u00e3o!<\/p>\n<p>&#8211; Modelo Similar ao Original da Montadora<\/p>\n<p>&#8211;\u00a0Segue Nos Mesmos Padr\u00f5es de Medidas do Original da Montadora;<\/p>\n<p>&#8211;\u00a0Maior Resist\u00eancia;<\/p>\n<p>&#8211;\u00a0Acabamento Preto Fosco Alta Temperatura;<\/p>\n<p>-Alterado artesanalmente por Moto\u2019Car Escapes.<\/p>\n<p>_ N\u00e3o acompanha protetor.<\/p>\n<p>Prazo de entrega tendo em estoque at\u00e9 5 dias \u00fateis para ser enviado, mas se encomendado favor confirmar Prazo de Entrega pelo WhatsApp (37)98842-9721<\/p>\n<p>&nbsp;<\/p>\n","protected":false},"excerpt":{"rendered":"<p>Escape Operado 2 em 1 (Original e Grave Esportivo) Similar Honda Fan 125 2009\/2010\/2011\/2012\/2013 Escape Operado 2 em 1 (Feito Artesanalmente) que permite voc\u00ea andar&hellip;<\/p>\n","protected":false},"featured_media":41204,"comment_status":"open","ping_status":"closed","template":"","meta":[],"product_brand":[],"product_cat":[17],"product_tag":[18,19,24,25,26,27,28,32,33,47,128,36],"class_list":{"0":"post-65","1":"product","2":"type-product","3":"status-publish","4":"has-post-thumbnail","6":"product_cat-honda","7":"product_tag-18","8":"product_tag-2-em-1","9":"product_tag-24","10":"product_tag-25","11":"product_tag-26","12":"product_tag-27","13":"product_tag-28","14":"product_tag-escapamento","15":"product_tag-escape","16":"product_tag-fan","17":"product_tag-grave-esportivo","18":"product_tag-operado","20":"first","21":"outofstock","22":"sold-individually","23":"shipping-taxable","24":"purchasable","25":"product-type-simple","26":"customify-col"},"aioseo_notices":[],"yoast_head":"<!-- This site is optimized with the Yoast SEO plugin v27.4 - https:\/\/yoast.com\/product\/yoast-seo-wordpress\/ -->\n<title>Escape Operado 2 em 1 (Original e Grave Esportivo) Similar Honda Fan 125 2009 \u00e0 2013 - MOTO&#039;CAR ESCAPES<\/title>\n<meta name=\"robots\" content=\"index, follow, max-snippet:-1, max-image-preview:large, max-video-preview:-1\" \/>\n<link rel=\"canonical\" href=\"https:\/\/www.motocarescapes.com.br\/v2\/produto\/escape-operado-2-em-1-original-e-grave-esportivo-similar-honda-fan-125-2009-a-2013\/\" \/>\n<meta property=\"og:locale\" content=\"pt_BR\" \/>\n<meta property=\"og:type\" content=\"article\" \/>\n<meta property=\"og:title\" content=\"Escape Operado 2 em 1 (Original e Grave Esportivo) Similar Honda Fan 125 2009 \u00e0 2013 - MOTO&#039;CAR ESCAPES\" \/>\n<meta property=\"og:description\" content=\"Escape Operado 2 em 1 (Original e Grave Esportivo) Similar Honda Fan 125 2009\/2010\/2011\/2012\/2013 Escape Operado 2 em 1 (Feito Artesanalmente) que permite voc\u00ea andar&hellip;\" \/>\n<meta property=\"og:url\" content=\"https:\/\/www.motocarescapes.com.br\/v2\/produto\/escape-operado-2-em-1-original-e-grave-esportivo-similar-honda-fan-125-2009-a-2013\/\" \/>\n<meta property=\"og:site_name\" content=\"MOTO&#039;CAR ESCAPES\" \/>\n<meta property=\"article:publisher\" content=\"https:\/\/www.facebook.com\/motocarescapes\/\" \/>\n<meta property=\"article:modified_time\" content=\"2024-07-11T11:51:20+00:00\" \/>\n<meta property=\"og:image\" content=\"https:\/\/www.motocarescapes.com.br\/v2\/wp-content\/uploads\/2019\/07\/125-2009.jpeg\" \/>\n\t<meta property=\"og:image:width\" content=\"1280\" \/>\n\t<meta property=\"og:image:height\" content=\"960\" \/>\n\t<meta property=\"og:image:type\" content=\"image\/jpeg\" \/>\n<meta name=\"twitter:card\" content=\"summary_large_image\" \/>\n<meta name=\"twitter:label1\" content=\"Est. tempo de leitura\" \/>\n\t<meta name=\"twitter:data1\" content=\"1 minuto\" \/>\n<script type=\"application\/ld+json\" class=\"yoast-schema-graph\">{\"@context\":\"https:\\\/\\\/schema.org\",\"@graph\":[{\"@type\":\"WebPage\",\"@id\":\"https:\\\/\\\/www.motocarescapes.com.br\\\/v2\\\/produto\\\/escape-operado-2-em-1-original-e-grave-esportivo-similar-honda-fan-125-2009-a-2013\\\/\",\"url\":\"https:\\\/\\\/www.motocarescapes.com.br\\\/v2\\\/produto\\\/escape-operado-2-em-1-original-e-grave-esportivo-similar-honda-fan-125-2009-a-2013\\\/\",\"name\":\"Escape Operado 2 em 1 (Original e Grave Esportivo) Similar Honda Fan 125 2009 \u00e0 2013 - MOTO&#039;CAR ESCAPES\",\"isPartOf\":{\"@id\":\"https:\\\/\\\/www.motocarescapes.com.br\\\/v2\\\/#website\"},\"primaryImageOfPage\":{\"@id\":\"https:\\\/\\\/www.motocarescapes.com.br\\\/v2\\\/produto\\\/escape-operado-2-em-1-original-e-grave-esportivo-similar-honda-fan-125-2009-a-2013\\\/#primaryimage\"},\"image\":{\"@id\":\"https:\\\/\\\/www.motocarescapes.com.br\\\/v2\\\/produto\\\/escape-operado-2-em-1-original-e-grave-esportivo-similar-honda-fan-125-2009-a-2013\\\/#primaryimage\"},\"thumbnailUrl\":\"https:\\\/\\\/www.motocarescapes.com.br\\\/v2\\\/wp-content\\\/uploads\\\/2019\\\/07\\\/125-2009.jpeg\",\"datePublished\":\"2019-07-12T14:08:14+00:00\",\"dateModified\":\"2024-07-11T11:51:20+00:00\",\"breadcrumb\":{\"@id\":\"https:\\\/\\\/www.motocarescapes.com.br\\\/v2\\\/produto\\\/escape-operado-2-em-1-original-e-grave-esportivo-similar-honda-fan-125-2009-a-2013\\\/#breadcrumb\"},\"inLanguage\":\"pt-BR\",\"potentialAction\":[{\"@type\":\"ReadAction\",\"target\":[\"https:\\\/\\\/www.motocarescapes.com.br\\\/v2\\\/produto\\\/escape-operado-2-em-1-original-e-grave-esportivo-similar-honda-fan-125-2009-a-2013\\\/\"]}]},{\"@type\":\"ImageObject\",\"inLanguage\":\"pt-BR\",\"@id\":\"https:\\\/\\\/www.motocarescapes.com.br\\\/v2\\\/produto\\\/escape-operado-2-em-1-original-e-grave-esportivo-similar-honda-fan-125-2009-a-2013\\\/#primaryimage\",\"url\":\"https:\\\/\\\/www.motocarescapes.com.br\\\/v2\\\/wp-content\\\/uploads\\\/2019\\\/07\\\/125-2009.jpeg\",\"contentUrl\":\"https:\\\/\\\/www.motocarescapes.com.br\\\/v2\\\/wp-content\\\/uploads\\\/2019\\\/07\\\/125-2009.jpeg\",\"width\":1280,\"height\":960},{\"@type\":\"BreadcrumbList\",\"@id\":\"https:\\\/\\\/www.motocarescapes.com.br\\\/v2\\\/produto\\\/escape-operado-2-em-1-original-e-grave-esportivo-similar-honda-fan-125-2009-a-2013\\\/#breadcrumb\",\"itemListElement\":[{\"@type\":\"ListItem\",\"position\":1,\"name\":\"In\u00edcio\",\"item\":\"https:\\\/\\\/www.motocarescapes.com.br\\\/v2\\\/\"},{\"@type\":\"ListItem\",\"position\":2,\"name\":\"Conhe\u00e7a os nossos produtos\",\"item\":\"https:\\\/\\\/www.motocarescapes.com.br\\\/v2\\\/\"},{\"@type\":\"ListItem\",\"position\":3,\"name\":\"Escape Operado 2 em 1 (Original e Grave Esportivo) Similar Honda Fan 125 2009 \u00e0 2013\"}]},{\"@type\":\"WebSite\",\"@id\":\"https:\\\/\\\/www.motocarescapes.com.br\\\/v2\\\/#website\",\"url\":\"https:\\\/\\\/www.motocarescapes.com.br\\\/v2\\\/\",\"name\":\"MOTO&#039;CAR ESCAPES\",\"description\":\"S\u00f3 mais um site WordPress\",\"publisher\":{\"@id\":\"https:\\\/\\\/www.motocarescapes.com.br\\\/v2\\\/#organization\"},\"potentialAction\":[{\"@type\":\"SearchAction\",\"target\":{\"@type\":\"EntryPoint\",\"urlTemplate\":\"https:\\\/\\\/www.motocarescapes.com.br\\\/v2\\\/?s={search_term_string}\"},\"query-input\":{\"@type\":\"PropertyValueSpecification\",\"valueRequired\":true,\"valueName\":\"search_term_string\"}}],\"inLanguage\":\"pt-BR\"},{\"@type\":\"Organization\",\"@id\":\"https:\\\/\\\/www.motocarescapes.com.br\\\/v2\\\/#organization\",\"name\":\"Moto'car Escapes\",\"url\":\"https:\\\/\\\/www.motocarescapes.com.br\\\/v2\\\/\",\"logo\":{\"@type\":\"ImageObject\",\"inLanguage\":\"pt-BR\",\"@id\":\"https:\\\/\\\/www.motocarescapes.com.br\\\/v2\\\/#\\\/schema\\\/logo\\\/image\\\/\",\"url\":\"https:\\\/\\\/www.motocarescapes.com.br\\\/v2\\\/wp-content\\\/uploads\\\/2021\\\/01\\\/IMG-20210113-WA0022.jpg\",\"contentUrl\":\"https:\\\/\\\/www.motocarescapes.com.br\\\/v2\\\/wp-content\\\/uploads\\\/2021\\\/01\\\/IMG-20210113-WA0022.jpg\",\"width\":1280,\"height\":769,\"caption\":\"Moto'car Escapes\"},\"image\":{\"@id\":\"https:\\\/\\\/www.motocarescapes.com.br\\\/v2\\\/#\\\/schema\\\/logo\\\/image\\\/\"},\"sameAs\":[\"https:\\\/\\\/www.facebook.com\\\/motocarescapes\\\/\",\"https:\\\/\\\/www.instagram.com\\\/motocarescapes\\\/\",\"https:\\\/\\\/youtube.com\\\/c\\\/MotoCarEscapes\"]}]}<\/script>\n<!-- \/ Yoast SEO plugin. -->","yoast_head_json":{"title":"Escape Operado 2 em 1 (Original e Grave Esportivo) Similar Honda Fan 125 2009 \u00e0 2013 - MOTO&#039;CAR ESCAPES","robots":{"index":"index","follow":"follow","max-snippet":"max-snippet:-1","max-image-preview":"max-image-preview:large","max-video-preview":"max-video-preview:-1"},"canonical":"https:\/\/www.motocarescapes.com.br\/v2\/produto\/escape-operado-2-em-1-original-e-grave-esportivo-similar-honda-fan-125-2009-a-2013\/","og_locale":"pt_BR","og_type":"article","og_title":"Escape Operado 2 em 1 (Original e Grave Esportivo) Similar Honda Fan 125 2009 \u00e0 2013 - MOTO&#039;CAR ESCAPES","og_description":"Escape Operado 2 em 1 (Original e Grave Esportivo) Similar Honda Fan 125 2009\/2010\/2011\/2012\/2013 Escape Operado 2 em 1 (Feito Artesanalmente) que permite voc\u00ea andar&hellip;","og_url":"https:\/\/www.motocarescapes.com.br\/v2\/produto\/escape-operado-2-em-1-original-e-grave-esportivo-similar-honda-fan-125-2009-a-2013\/","og_site_name":"MOTO&#039;CAR ESCAPES","article_publisher":"https:\/\/www.facebook.com\/motocarescapes\/","article_modified_time":"2024-07-11T11:51:20+00:00","og_image":[{"width":1280,"height":960,"url":"https:\/\/www.motocarescapes.com.br\/v2\/wp-content\/uploads\/2019\/07\/125-2009.jpeg","type":"image\/jpeg"}],"twitter_card":"summary_large_image","twitter_misc":{"Est. tempo de leitura":"1 minuto"},"schema":{"@context":"https:\/\/schema.org","@graph":[{"@type":"WebPage","@id":"https:\/\/www.motocarescapes.com.br\/v2\/produto\/escape-operado-2-em-1-original-e-grave-esportivo-similar-honda-fan-125-2009-a-2013\/","url":"https:\/\/www.motocarescapes.com.br\/v2\/produto\/escape-operado-2-em-1-original-e-grave-esportivo-similar-honda-fan-125-2009-a-2013\/","name":"Escape Operado 2 em 1 (Original e Grave Esportivo) Similar Honda Fan 125 2009 \u00e0 2013 - MOTO&#039;CAR ESCAPES","isPartOf":{"@id":"https:\/\/www.motocarescapes.com.br\/v2\/#website"},"primaryImageOfPage":{"@id":"https:\/\/www.motocarescapes.com.br\/v2\/produto\/escape-operado-2-em-1-original-e-grave-esportivo-similar-honda-fan-125-2009-a-2013\/#primaryimage"},"image":{"@id":"https:\/\/www.motocarescapes.com.br\/v2\/produto\/escape-operado-2-em-1-original-e-grave-esportivo-similar-honda-fan-125-2009-a-2013\/#primaryimage"},"thumbnailUrl":"https:\/\/www.motocarescapes.com.br\/v2\/wp-content\/uploads\/2019\/07\/125-2009.jpeg","datePublished":"2019-07-12T14:08:14+00:00","dateModified":"2024-07-11T11:51:20+00:00","breadcrumb":{"@id":"https:\/\/www.motocarescapes.com.br\/v2\/produto\/escape-operado-2-em-1-original-e-grave-esportivo-similar-honda-fan-125-2009-a-2013\/#breadcrumb"},"inLanguage":"pt-BR","potentialAction":[{"@type":"ReadAction","target":["https:\/\/www.motocarescapes.com.br\/v2\/produto\/escape-operado-2-em-1-original-e-grave-esportivo-similar-honda-fan-125-2009-a-2013\/"]}]},{"@type":"ImageObject","inLanguage":"pt-BR","@id":"https:\/\/www.motocarescapes.com.br\/v2\/produto\/escape-operado-2-em-1-original-e-grave-esportivo-similar-honda-fan-125-2009-a-2013\/#primaryimage","url":"https:\/\/www.motocarescapes.com.br\/v2\/wp-content\/uploads\/2019\/07\/125-2009.jpeg","contentUrl":"https:\/\/www.motocarescapes.com.br\/v2\/wp-content\/uploads\/2019\/07\/125-2009.jpeg","width":1280,"height":960},{"@type":"BreadcrumbList","@id":"https:\/\/www.motocarescapes.com.br\/v2\/produto\/escape-operado-2-em-1-original-e-grave-esportivo-similar-honda-fan-125-2009-a-2013\/#breadcrumb","itemListElement":[{"@type":"ListItem","position":1,"name":"In\u00edcio","item":"https:\/\/www.motocarescapes.com.br\/v2\/"},{"@type":"ListItem","position":2,"name":"Conhe\u00e7a os nossos produtos","item":"https:\/\/www.motocarescapes.com.br\/v2\/"},{"@type":"ListItem","position":3,"name":"Escape Operado 2 em 1 (Original e Grave Esportivo) Similar Honda Fan 125 2009 \u00e0 2013"}]},{"@type":"WebSite","@id":"https:\/\/www.motocarescapes.com.br\/v2\/#website","url":"https:\/\/www.motocarescapes.com.br\/v2\/","name":"MOTO&#039;CAR ESCAPES","description":"S\u00f3 mais um site WordPress","publisher":{"@id":"https:\/\/www.motocarescapes.com.br\/v2\/#organization"},"potentialAction":[{"@type":"SearchAction","target":{"@type":"EntryPoint","urlTemplate":"https:\/\/www.motocarescapes.com.br\/v2\/?s={search_term_string}"},"query-input":{"@type":"PropertyValueSpecification","valueRequired":true,"valueName":"search_term_string"}}],"inLanguage":"pt-BR"},{"@type":"Organization","@id":"https:\/\/www.motocarescapes.com.br\/v2\/#organization","name":"Moto'car Escapes","url":"https:\/\/www.motocarescapes.com.br\/v2\/","logo":{"@type":"ImageObject","inLanguage":"pt-BR","@id":"https:\/\/www.motocarescapes.com.br\/v2\/#\/schema\/logo\/image\/","url":"https:\/\/www.motocarescapes.com.br\/v2\/wp-content\/uploads\/2021\/01\/IMG-20210113-WA0022.jpg","contentUrl":"https:\/\/www.motocarescapes.com.br\/v2\/wp-content\/uploads\/2021\/01\/IMG-20210113-WA0022.jpg","width":1280,"height":769,"caption":"Moto'car Escapes"},"image":{"@id":"https:\/\/www.motocarescapes.com.br\/v2\/#\/schema\/logo\/image\/"},"sameAs":["https:\/\/www.facebook.com\/motocarescapes\/","https:\/\/www.instagram.com\/motocarescapes\/","https:\/\/youtube.com\/c\/MotoCarEscapes"]}]}},"_links":{"self":[{"href":"https:\/\/www.motocarescapes.com.br\/v2\/wp-json\/wp\/v2\/product\/65","targetHints":{"allow":["GET"]}}],"collection":[{"href":"https:\/\/www.motocarescapes.com.br\/v2\/wp-json\/wp\/v2\/product"}],"about":[{"href":"https:\/\/www.motocarescapes.com.br\/v2\/wp-json\/wp\/v2\/types\/product"}],"replies":[{"embeddable":true,"href":"https:\/\/www.motocarescapes.com.br\/v2\/wp-json\/wp\/v2\/comments?post=65"}],"wp:featuredmedia":[{"embeddable":true,"href":"https:\/\/www.motocarescapes.com.br\/v2\/wp-json\/wp\/v2\/media\/41204"}],"wp:attachment":[{"href":"https:\/\/www.motocarescapes.com.br\/v2\/wp-json\/wp\/v2\/media?parent=65"}],"wp:term":[{"taxonomy":"product_brand","embeddable":true,"href":"https:\/\/www.motocarescapes.com.br\/v2\/wp-json\/wp\/v2\/product_brand?post=65"},{"taxonomy":"product_cat","embeddable":true,"href":"https:\/\/www.motocarescapes.com.br\/v2\/wp-json\/wp\/v2\/product_cat?post=65"},{"taxonomy":"product_tag","embeddable":true,"href":"https:\/\/www.motocarescapes.com.br\/v2\/wp-json\/wp\/v2\/product_tag?post=65"}],"curies":[{"name":"wp","href":"https:\/\/api.w.org\/{rel}","templated":true}]}}