{"id":157,"date":"2019-07-12T11:08:30","date_gmt":"2019-07-12T14:08:30","guid":{"rendered":"https:\/\/motocarescapes.com.br\/v2\/?product=import-placeholder-for-1111"},"modified":"2026-03-30T15:00:11","modified_gmt":"2026-03-30T18:00:11","slug":"escape-operado-2-em-1-original-e-desmiolado-similar-honda-fan-160-start-160-titan-anos","status":"publish","type":"product","link":"https:\/\/www.motocarescapes.com.br\/v2\/produto\/escape-operado-2-em-1-original-e-desmiolado-similar-honda-fan-160-start-160-titan-anos\/","title":{"rendered":"Escape Operado 2 em 1 (Original e Desmiolado) Similar Honda Fan 160\/Start 160\/Titan 160 (TODOS OS ANOS)"},"content":{"rendered":"<p><iframe title=\"NOVO ESCAPE 2EM1 DESMIOLADO (2025) \ud83d\udd25\" width=\"843\" height=\"474\" src=\"https:\/\/www.youtube.com\/embed\/CmGJcrogIYg?feature=oembed\" frameborder=\"0\" allow=\"accelerometer; autoplay; clipboard-write; encrypted-media; gyroscope; picture-in-picture; web-share\" referrerpolicy=\"strict-origin-when-cross-origin\" allowfullscreen><\/iframe><\/p>\n<p><strong>Escape Operado 2 em 1 (Original e Desmiolado) Similar Honda Fan 160\/Start 160\/Titan 160 (TODOS OS ANOS)2015\/2016\/2017\/2018\/2019\/2020\/2021\/2022\/2023\/2024\/2025<\/strong><\/p>\n<p>Escape Operado 2 em 1 (Feito Artesanalmente) que permite voc\u00ea andar no silencioso e estralado no mesmo escape, acompanha chave girat\u00f3ria com cabo de a\u00e7o, condu\u00edte e safra on\u00e7a.<\/p>\n<p>F\u00e1cil Instala\u00e7\u00e3o!<\/p>\n<p>&#8211; Modelo Similar ao Original da Montadora<\/p>\n<p>&#8211;\u00a0Segue Nos Mesmos Padr\u00f5es de Medidas do Original da Montadora;<\/p>\n<p>&#8211;\u00a0Maior Resist\u00eancia;<\/p>\n<p>&#8211;\u00a0Acabamento Preto Fosco Alta Temperatura;<\/p>\n<p>&#8211; Alterado artesanalmente por Moto\u2019Car Escapes.<\/p>\n<p>_ N\u00e3o acompanha protetor.<\/p>\n<p>Prazo de entrega tendo em estoque at\u00e9 5 dias \u00fateis para ser enviado, mas se encomendado favor confirmar Prazo de Entrega pelo WhatsApp (37)98842-9721<\/p>\n","protected":false},"excerpt":{"rendered":"<p>Escape Operado 2 em 1 (Original e Desmiolado) Similar Honda Fan 160\/Start 160\/Titan 160 (TODOS OS ANOS)2015\/2016\/2017\/2018\/2019\/2020\/2021\/2022\/2023\/2024\/2025 Escape Operado 2 em 1 (Feito Artesanalmente) que&hellip;<\/p>\n","protected":false},"featured_media":68865,"comment_status":"open","ping_status":"closed","template":"","meta":[],"product_brand":[],"product_cat":[17],"product_tag":[94,138,31,32,33,47,34,36,85,122],"class_list":{"0":"post-157","1":"product","2":"type-product","3":"status-publish","4":"has-post-thumbnail","6":"product_cat-honda","7":"product_tag-2em1","8":"product_tag-cg-160","9":"product_tag-desmiolado","10":"product_tag-escapamento","11":"product_tag-escape","12":"product_tag-fan","13":"product_tag-honda","14":"product_tag-operado","15":"product_tag-start","16":"product_tag-titan-160","18":"first","19":"instock","20":"sold-individually","21":"shipping-taxable","22":"purchasable","23":"product-type-simple","24":"customify-col","25":"product-has-gallery"},"aioseo_notices":[],"yoast_head":"<!-- This site is optimized with the Yoast SEO plugin v27.4 - https:\/\/yoast.com\/product\/yoast-seo-wordpress\/ -->\n<title>Escape 2em1 Original e Desmiolado Honda Fan\/Start\/Titan 160<\/title>\n<meta name=\"description\" content=\"Escapamento para Moto Honda Fan\/Titan\/Start 160 com sistema 2em1 Original e Desmiolado da Moto&#039;Car Escapes.\" \/>\n<meta name=\"robots\" content=\"index, follow, max-snippet:-1, max-image-preview:large, max-video-preview:-1\" \/>\n<link rel=\"canonical\" href=\"https:\/\/www.motocarescapes.com.br\/v2\/produto\/escape-operado-2-em-1-original-e-desmiolado-similar-honda-fan-160-start-160-titan-anos\/\" \/>\n<meta property=\"og:locale\" content=\"pt_BR\" \/>\n<meta property=\"og:type\" content=\"article\" \/>\n<meta property=\"og:title\" content=\"Escape Operado 2 em 1 (Original e Estralado) Similar Honda Fan 160\/Start 160\/Titan 160 (TODOS OS ANOS)\" \/>\n<meta property=\"og:description\" content=\"Escape Operado 2 em 1 (Feito Artesanalmente) que permite voc\u00ea andar no silencioso e estralado no mesmo escape, acompanha chave girat\u00f3ria com cabo de a\u00e7o, candu\u00edte e safra on\u00e7a. F\u00e1cil Instala\u00e7\u00e3o!\" \/>\n<meta property=\"og:url\" content=\"https:\/\/www.motocarescapes.com.br\/v2\/produto\/escape-operado-2-em-1-original-e-desmiolado-similar-honda-fan-160-start-160-titan-anos\/\" \/>\n<meta property=\"og:site_name\" content=\"MOTO&#039;CAR ESCAPES\" \/>\n<meta property=\"article:publisher\" content=\"https:\/\/www.facebook.com\/motocarescapes\/\" \/>\n<meta property=\"article:modified_time\" content=\"2026-03-30T18:00:11+00:00\" \/>\n<meta property=\"og:image\" content=\"https:\/\/www.motocarescapes.com.br\/v2\/wp-content\/uploads\/2019\/07\/Fan-Titan-1.jpeg\" \/>\n\t<meta property=\"og:image:width\" content=\"1280\" \/>\n\t<meta property=\"og:image:height\" content=\"960\" \/>\n\t<meta property=\"og:image:type\" content=\"image\/jpeg\" \/>\n<meta name=\"twitter:card\" content=\"summary_large_image\" \/>\n<meta name=\"twitter:label1\" content=\"Est. tempo de leitura\" \/>\n\t<meta name=\"twitter:data1\" content=\"1 minuto\" \/>\n<script type=\"application\/ld+json\" class=\"yoast-schema-graph\">{\"@context\":\"https:\\\/\\\/schema.org\",\"@graph\":[{\"@type\":\"WebPage\",\"@id\":\"https:\\\/\\\/www.motocarescapes.com.br\\\/v2\\\/produto\\\/escape-operado-2-em-1-original-e-desmiolado-similar-honda-fan-160-start-160-titan-anos\\\/\",\"url\":\"https:\\\/\\\/www.motocarescapes.com.br\\\/v2\\\/produto\\\/escape-operado-2-em-1-original-e-desmiolado-similar-honda-fan-160-start-160-titan-anos\\\/\",\"name\":\"Escape 2em1 Original e Desmiolado Honda Fan\\\/Start\\\/Titan 160\",\"isPartOf\":{\"@id\":\"https:\\\/\\\/www.motocarescapes.com.br\\\/v2\\\/#website\"},\"primaryImageOfPage\":{\"@id\":\"https:\\\/\\\/www.motocarescapes.com.br\\\/v2\\\/produto\\\/escape-operado-2-em-1-original-e-desmiolado-similar-honda-fan-160-start-160-titan-anos\\\/#primaryimage\"},\"image\":{\"@id\":\"https:\\\/\\\/www.motocarescapes.com.br\\\/v2\\\/produto\\\/escape-operado-2-em-1-original-e-desmiolado-similar-honda-fan-160-start-160-titan-anos\\\/#primaryimage\"},\"thumbnailUrl\":\"https:\\\/\\\/www.motocarescapes.com.br\\\/v2\\\/wp-content\\\/uploads\\\/2019\\\/07\\\/Imagem-do-WhatsApp-de-2025-05-13-as-16.10.05_2ddf02d1.png\",\"datePublished\":\"2019-07-12T14:08:30+00:00\",\"dateModified\":\"2026-03-30T18:00:11+00:00\",\"description\":\"Escapamento para Moto Honda Fan\\\/Titan\\\/Start 160 com sistema 2em1 Original e Desmiolado da Moto'Car Escapes.\",\"breadcrumb\":{\"@id\":\"https:\\\/\\\/www.motocarescapes.com.br\\\/v2\\\/produto\\\/escape-operado-2-em-1-original-e-desmiolado-similar-honda-fan-160-start-160-titan-anos\\\/#breadcrumb\"},\"inLanguage\":\"pt-BR\",\"potentialAction\":[{\"@type\":\"ReadAction\",\"target\":[\"https:\\\/\\\/www.motocarescapes.com.br\\\/v2\\\/produto\\\/escape-operado-2-em-1-original-e-desmiolado-similar-honda-fan-160-start-160-titan-anos\\\/\"]}]},{\"@type\":\"ImageObject\",\"inLanguage\":\"pt-BR\",\"@id\":\"https:\\\/\\\/www.motocarescapes.com.br\\\/v2\\\/produto\\\/escape-operado-2-em-1-original-e-desmiolado-similar-honda-fan-160-start-160-titan-anos\\\/#primaryimage\",\"url\":\"https:\\\/\\\/www.motocarescapes.com.br\\\/v2\\\/wp-content\\\/uploads\\\/2019\\\/07\\\/Imagem-do-WhatsApp-de-2025-05-13-as-16.10.05_2ddf02d1.png\",\"contentUrl\":\"https:\\\/\\\/www.motocarescapes.com.br\\\/v2\\\/wp-content\\\/uploads\\\/2019\\\/07\\\/Imagem-do-WhatsApp-de-2025-05-13-as-16.10.05_2ddf02d1.png\",\"width\":1280,\"height\":960},{\"@type\":\"BreadcrumbList\",\"@id\":\"https:\\\/\\\/www.motocarescapes.com.br\\\/v2\\\/produto\\\/escape-operado-2-em-1-original-e-desmiolado-similar-honda-fan-160-start-160-titan-anos\\\/#breadcrumb\",\"itemListElement\":[{\"@type\":\"ListItem\",\"position\":1,\"name\":\"In\u00edcio\",\"item\":\"https:\\\/\\\/www.motocarescapes.com.br\\\/v2\\\/\"},{\"@type\":\"ListItem\",\"position\":2,\"name\":\"Conhe\u00e7a os nossos produtos\",\"item\":\"https:\\\/\\\/www.motocarescapes.com.br\\\/v2\\\/\"},{\"@type\":\"ListItem\",\"position\":3,\"name\":\"Escape Operado 2 em 1 (Original e Desmiolado) Similar Honda Fan 160\\\/Start 160\\\/Titan 160 (TODOS OS ANOS)\"}]},{\"@type\":\"WebSite\",\"@id\":\"https:\\\/\\\/www.motocarescapes.com.br\\\/v2\\\/#website\",\"url\":\"https:\\\/\\\/www.motocarescapes.com.br\\\/v2\\\/\",\"name\":\"MOTO&#039;CAR ESCAPES\",\"description\":\"S\u00f3 mais um site WordPress\",\"publisher\":{\"@id\":\"https:\\\/\\\/www.motocarescapes.com.br\\\/v2\\\/#organization\"},\"potentialAction\":[{\"@type\":\"SearchAction\",\"target\":{\"@type\":\"EntryPoint\",\"urlTemplate\":\"https:\\\/\\\/www.motocarescapes.com.br\\\/v2\\\/?s={search_term_string}\"},\"query-input\":{\"@type\":\"PropertyValueSpecification\",\"valueRequired\":true,\"valueName\":\"search_term_string\"}}],\"inLanguage\":\"pt-BR\"},{\"@type\":\"Organization\",\"@id\":\"https:\\\/\\\/www.motocarescapes.com.br\\\/v2\\\/#organization\",\"name\":\"Moto'car Escapes\",\"url\":\"https:\\\/\\\/www.motocarescapes.com.br\\\/v2\\\/\",\"logo\":{\"@type\":\"ImageObject\",\"inLanguage\":\"pt-BR\",\"@id\":\"https:\\\/\\\/www.motocarescapes.com.br\\\/v2\\\/#\\\/schema\\\/logo\\\/image\\\/\",\"url\":\"https:\\\/\\\/www.motocarescapes.com.br\\\/v2\\\/wp-content\\\/uploads\\\/2021\\\/01\\\/IMG-20210113-WA0022.jpg\",\"contentUrl\":\"https:\\\/\\\/www.motocarescapes.com.br\\\/v2\\\/wp-content\\\/uploads\\\/2021\\\/01\\\/IMG-20210113-WA0022.jpg\",\"width\":1280,\"height\":769,\"caption\":\"Moto'car Escapes\"},\"image\":{\"@id\":\"https:\\\/\\\/www.motocarescapes.com.br\\\/v2\\\/#\\\/schema\\\/logo\\\/image\\\/\"},\"sameAs\":[\"https:\\\/\\\/www.facebook.com\\\/motocarescapes\\\/\",\"https:\\\/\\\/www.instagram.com\\\/motocarescapes\\\/\",\"https:\\\/\\\/youtube.com\\\/c\\\/MotoCarEscapes\"]}]}<\/script>\n<!-- \/ Yoast SEO plugin. -->","yoast_head_json":{"title":"Escape 2em1 Original e Desmiolado Honda Fan\/Start\/Titan 160","description":"Escapamento para Moto Honda Fan\/Titan\/Start 160 com sistema 2em1 Original e Desmiolado da Moto'Car Escapes.","robots":{"index":"index","follow":"follow","max-snippet":"max-snippet:-1","max-image-preview":"max-image-preview:large","max-video-preview":"max-video-preview:-1"},"canonical":"https:\/\/www.motocarescapes.com.br\/v2\/produto\/escape-operado-2-em-1-original-e-desmiolado-similar-honda-fan-160-start-160-titan-anos\/","og_locale":"pt_BR","og_type":"article","og_title":"Escape Operado 2 em 1 (Original e Estralado) Similar Honda Fan 160\/Start 160\/Titan 160 (TODOS OS ANOS)","og_description":"Escape Operado 2 em 1 (Feito Artesanalmente) que permite voc\u00ea andar no silencioso e estralado no mesmo escape, acompanha chave girat\u00f3ria com cabo de a\u00e7o, candu\u00edte e safra on\u00e7a. F\u00e1cil Instala\u00e7\u00e3o!","og_url":"https:\/\/www.motocarescapes.com.br\/v2\/produto\/escape-operado-2-em-1-original-e-desmiolado-similar-honda-fan-160-start-160-titan-anos\/","og_site_name":"MOTO&#039;CAR ESCAPES","article_publisher":"https:\/\/www.facebook.com\/motocarescapes\/","article_modified_time":"2026-03-30T18:00:11+00:00","og_image":[{"width":1280,"height":960,"url":"https:\/\/www.motocarescapes.com.br\/v2\/wp-content\/uploads\/2019\/07\/Fan-Titan-1.jpeg","type":"image\/jpeg"}],"twitter_card":"summary_large_image","twitter_misc":{"Est. tempo de leitura":"1 minuto"},"schema":{"@context":"https:\/\/schema.org","@graph":[{"@type":"WebPage","@id":"https:\/\/www.motocarescapes.com.br\/v2\/produto\/escape-operado-2-em-1-original-e-desmiolado-similar-honda-fan-160-start-160-titan-anos\/","url":"https:\/\/www.motocarescapes.com.br\/v2\/produto\/escape-operado-2-em-1-original-e-desmiolado-similar-honda-fan-160-start-160-titan-anos\/","name":"Escape 2em1 Original e Desmiolado Honda Fan\/Start\/Titan 160","isPartOf":{"@id":"https:\/\/www.motocarescapes.com.br\/v2\/#website"},"primaryImageOfPage":{"@id":"https:\/\/www.motocarescapes.com.br\/v2\/produto\/escape-operado-2-em-1-original-e-desmiolado-similar-honda-fan-160-start-160-titan-anos\/#primaryimage"},"image":{"@id":"https:\/\/www.motocarescapes.com.br\/v2\/produto\/escape-operado-2-em-1-original-e-desmiolado-similar-honda-fan-160-start-160-titan-anos\/#primaryimage"},"thumbnailUrl":"https:\/\/www.motocarescapes.com.br\/v2\/wp-content\/uploads\/2019\/07\/Imagem-do-WhatsApp-de-2025-05-13-as-16.10.05_2ddf02d1.png","datePublished":"2019-07-12T14:08:30+00:00","dateModified":"2026-03-30T18:00:11+00:00","description":"Escapamento para Moto Honda Fan\/Titan\/Start 160 com sistema 2em1 Original e Desmiolado da Moto'Car Escapes.","breadcrumb":{"@id":"https:\/\/www.motocarescapes.com.br\/v2\/produto\/escape-operado-2-em-1-original-e-desmiolado-similar-honda-fan-160-start-160-titan-anos\/#breadcrumb"},"inLanguage":"pt-BR","potentialAction":[{"@type":"ReadAction","target":["https:\/\/www.motocarescapes.com.br\/v2\/produto\/escape-operado-2-em-1-original-e-desmiolado-similar-honda-fan-160-start-160-titan-anos\/"]}]},{"@type":"ImageObject","inLanguage":"pt-BR","@id":"https:\/\/www.motocarescapes.com.br\/v2\/produto\/escape-operado-2-em-1-original-e-desmiolado-similar-honda-fan-160-start-160-titan-anos\/#primaryimage","url":"https:\/\/www.motocarescapes.com.br\/v2\/wp-content\/uploads\/2019\/07\/Imagem-do-WhatsApp-de-2025-05-13-as-16.10.05_2ddf02d1.png","contentUrl":"https:\/\/www.motocarescapes.com.br\/v2\/wp-content\/uploads\/2019\/07\/Imagem-do-WhatsApp-de-2025-05-13-as-16.10.05_2ddf02d1.png","width":1280,"height":960},{"@type":"BreadcrumbList","@id":"https:\/\/www.motocarescapes.com.br\/v2\/produto\/escape-operado-2-em-1-original-e-desmiolado-similar-honda-fan-160-start-160-titan-anos\/#breadcrumb","itemListElement":[{"@type":"ListItem","position":1,"name":"In\u00edcio","item":"https:\/\/www.motocarescapes.com.br\/v2\/"},{"@type":"ListItem","position":2,"name":"Conhe\u00e7a os nossos produtos","item":"https:\/\/www.motocarescapes.com.br\/v2\/"},{"@type":"ListItem","position":3,"name":"Escape Operado 2 em 1 (Original e Desmiolado) Similar Honda Fan 160\/Start 160\/Titan 160 (TODOS OS ANOS)"}]},{"@type":"WebSite","@id":"https:\/\/www.motocarescapes.com.br\/v2\/#website","url":"https:\/\/www.motocarescapes.com.br\/v2\/","name":"MOTO&#039;CAR ESCAPES","description":"S\u00f3 mais um site WordPress","publisher":{"@id":"https:\/\/www.motocarescapes.com.br\/v2\/#organization"},"potentialAction":[{"@type":"SearchAction","target":{"@type":"EntryPoint","urlTemplate":"https:\/\/www.motocarescapes.com.br\/v2\/?s={search_term_string}"},"query-input":{"@type":"PropertyValueSpecification","valueRequired":true,"valueName":"search_term_string"}}],"inLanguage":"pt-BR"},{"@type":"Organization","@id":"https:\/\/www.motocarescapes.com.br\/v2\/#organization","name":"Moto'car Escapes","url":"https:\/\/www.motocarescapes.com.br\/v2\/","logo":{"@type":"ImageObject","inLanguage":"pt-BR","@id":"https:\/\/www.motocarescapes.com.br\/v2\/#\/schema\/logo\/image\/","url":"https:\/\/www.motocarescapes.com.br\/v2\/wp-content\/uploads\/2021\/01\/IMG-20210113-WA0022.jpg","contentUrl":"https:\/\/www.motocarescapes.com.br\/v2\/wp-content\/uploads\/2021\/01\/IMG-20210113-WA0022.jpg","width":1280,"height":769,"caption":"Moto'car Escapes"},"image":{"@id":"https:\/\/www.motocarescapes.com.br\/v2\/#\/schema\/logo\/image\/"},"sameAs":["https:\/\/www.facebook.com\/motocarescapes\/","https:\/\/www.instagram.com\/motocarescapes\/","https:\/\/youtube.com\/c\/MotoCarEscapes"]}]}},"_links":{"self":[{"href":"https:\/\/www.motocarescapes.com.br\/v2\/wp-json\/wp\/v2\/product\/157","targetHints":{"allow":["GET"]}}],"collection":[{"href":"https:\/\/www.motocarescapes.com.br\/v2\/wp-json\/wp\/v2\/product"}],"about":[{"href":"https:\/\/www.motocarescapes.com.br\/v2\/wp-json\/wp\/v2\/types\/product"}],"replies":[{"embeddable":true,"href":"https:\/\/www.motocarescapes.com.br\/v2\/wp-json\/wp\/v2\/comments?post=157"}],"wp:featuredmedia":[{"embeddable":true,"href":"https:\/\/www.motocarescapes.com.br\/v2\/wp-json\/wp\/v2\/media\/68865"}],"wp:attachment":[{"href":"https:\/\/www.motocarescapes.com.br\/v2\/wp-json\/wp\/v2\/media?parent=157"}],"wp:term":[{"taxonomy":"product_brand","embeddable":true,"href":"https:\/\/www.motocarescapes.com.br\/v2\/wp-json\/wp\/v2\/product_brand?post=157"},{"taxonomy":"product_cat","embeddable":true,"href":"https:\/\/www.motocarescapes.com.br\/v2\/wp-json\/wp\/v2\/product_cat?post=157"},{"taxonomy":"product_tag","embeddable":true,"href":"https:\/\/www.motocarescapes.com.br\/v2\/wp-json\/wp\/v2\/product_tag?post=157"}],"curies":[{"name":"wp","href":"https:\/\/api.w.org\/{rel}","templated":true}]}}