{"id":1078,"date":"2018-05-02T14:27:28","date_gmt":"2018-05-02T17:27:28","guid":{"rendered":"https:\/\/www.motocarescapes.com.br\/?post_type=product&#038;p=1078"},"modified":"2025-10-23T09:37:50","modified_gmt":"2025-10-23T12:37:50","slug":"escape-operado-2-em-1-original-e-grave-esportivo-similar-yamaha-xtz-250-lander-2008-2018","status":"publish","type":"product","link":"https:\/\/www.motocarescapes.com.br\/v2\/produto\/escape-operado-2-em-1-original-e-grave-esportivo-similar-yamaha-xtz-250-lander-2008-2018\/","title":{"rendered":"Escape Operado 2 em 1 (Original e Grave Esportivo) Similar Yamaha XTZ 250 Lander 2008 \u00e0 2018"},"content":{"rendered":"<p><iframe title=\"INSTALA\u00c7\u00c3O DO ESCAPE 2EM1 NA XTZ250X (LANDER) *GUID\u00c3O OXXI*\" width=\"843\" height=\"474\" src=\"https:\/\/www.youtube.com\/embed\/lWq4AyB16wM?feature=oembed\" frameborder=\"0\" allow=\"accelerometer; autoplay; clipboard-write; encrypted-media; gyroscope; picture-in-picture; web-share\" referrerpolicy=\"strict-origin-when-cross-origin\" allowfullscreen><\/iframe><\/p>\n<p><strong>Escape Operado 2 em 1 (Original e Grave Esportivo) Similar Yamaha XTZ 250 Lander 2008\/2009\/2010\/2011\/2012\/2013\/2014\/2015\/2016\/2017\/2018<br \/>\n<\/strong><\/p>\n<p>Escape Operado 2 em 1 (Feito Artesanalmente) que permite voc\u00ea andar no silencioso e Estralado Grave Esportivo no mesmo escape, acompanha chave girat\u00f3ria com cabo de a\u00e7o, candu\u00edte e safra on\u00e7a.<\/p>\n<p>F\u00e1cil Instala\u00e7\u00e3o!<\/p>\n<p>\u2013 Modelo Similar ao Original da Montadora<\/p>\n<p>\u2013\u00a0Segue Nos Mesmos Padr\u00f5es de Medidas do Original da Montadora;<\/p>\n<p>\u2013\u00a0Maior Resist\u00eancia;<\/p>\n<p>\u2013\u00a0Acabamento Preto Fosco Alta Temperatura;<\/p>\n<p>\u2013 Alterado artesanalmente por Moto\u2019Car Escapes.<\/p>\n<p>_ N\u00e3o acompanha protetor.<\/p>\n<p>Encomendas favor confirmar Prazo de Entrega pelo WhatsApp (37)98842-972Encomendas o envio \u00e9 feito ap\u00f3s 45 dias \u00fateis ap\u00f3s a confirma\u00e7\u00e3o do pagamento!<\/p>\n<p>&nbsp;<\/p>\n","protected":false},"excerpt":{"rendered":"<p>Escape Operado 2 em 1 (Original e Grave Esportivo) Similar Yamaha XTZ 250 Lander 2008\/2009\/2010\/2011\/2012\/2013\/2014\/2015\/2016\/2017\/2018 Escape Operado 2 em 1 (Feito Artesanalmente) que permite voc\u00ea&hellip;<\/p>\n","protected":false},"featured_media":66651,"comment_status":"open","ping_status":"closed","template":"","meta":[],"product_brand":[],"product_cat":[117],"product_tag":[23,24,25,26,27,28,94,33,95,35,78],"class_list":{"0":"post-1078","1":"product","2":"type-product","3":"status-publish","4":"has-post-thumbnail","6":"product_cat-honda-honda","7":"product_tag-23","8":"product_tag-24","9":"product_tag-25","10":"product_tag-26","11":"product_tag-27","12":"product_tag-28","13":"product_tag-2em1","14":"product_tag-escape","15":"product_tag-estralado-grave-esportivo","16":"product_tag-motocar","17":"product_tag-yamaha","18":"product_shipping_class-jadlog","20":"first","21":"outofstock","22":"sold-individually","23":"shipping-taxable","24":"purchasable","25":"product-type-simple","26":"customify-col","27":"product-has-gallery"},"aioseo_notices":[],"yoast_head":"<!-- This site is optimized with the Yoast SEO plugin v27.3 - https:\/\/yoast.com\/product\/yoast-seo-wordpress\/ -->\n<title>Escape Operado 2 em 1 (Original e Grave Esportivo) Similar Yamaha XTZ 250 Lander 2008 \u00e0 2018 - MOTO&#039;CAR ESCAPES<\/title>\n<meta name=\"robots\" content=\"index, follow, max-snippet:-1, max-image-preview:large, max-video-preview:-1\" \/>\n<link rel=\"canonical\" href=\"https:\/\/www.motocarescapes.com.br\/v2\/produto\/escape-operado-2-em-1-original-e-grave-esportivo-similar-yamaha-xtz-250-lander-2008-2018\/\" \/>\n<meta property=\"og:locale\" content=\"pt_BR\" \/>\n<meta property=\"og:type\" content=\"article\" \/>\n<meta property=\"og:title\" content=\"Escape Operado 2 em 1 (Original e Grave Esportivo) Similar Yamaha XTZ 250 Lander 2008 \u00e0 2018 - MOTO&#039;CAR ESCAPES\" \/>\n<meta property=\"og:description\" content=\"Escape Operado 2 em 1 (Original e Grave Esportivo) Similar Yamaha XTZ 250 Lander 2008\/2009\/2010\/2011\/2012\/2013\/2014\/2015\/2016\/2017\/2018 Escape Operado 2 em 1 (Feito Artesanalmente) que permite voc\u00ea&hellip;\" \/>\n<meta property=\"og:url\" content=\"https:\/\/www.motocarescapes.com.br\/v2\/produto\/escape-operado-2-em-1-original-e-grave-esportivo-similar-yamaha-xtz-250-lander-2008-2018\/\" \/>\n<meta property=\"og:site_name\" content=\"MOTO&#039;CAR ESCAPES\" \/>\n<meta property=\"article:publisher\" content=\"https:\/\/www.facebook.com\/motocarescapes\/\" \/>\n<meta property=\"article:modified_time\" content=\"2025-10-23T12:37:50+00:00\" \/>\n<meta property=\"og:image\" content=\"https:\/\/www.motocarescapes.com.br\/v2\/wp-content\/uploads\/2018\/05\/IMG_5961.jpg\" \/>\n\t<meta property=\"og:image:width\" content=\"750\" \/>\n\t<meta property=\"og:image:height\" content=\"995\" \/>\n\t<meta property=\"og:image:type\" content=\"image\/jpeg\" \/>\n<meta name=\"twitter:card\" content=\"summary_large_image\" \/>\n<meta name=\"twitter:label1\" content=\"Est. tempo de leitura\" \/>\n\t<meta name=\"twitter:data1\" content=\"1 minuto\" \/>\n<script type=\"application\/ld+json\" class=\"yoast-schema-graph\">{\"@context\":\"https:\\\/\\\/schema.org\",\"@graph\":[{\"@type\":\"WebPage\",\"@id\":\"https:\\\/\\\/www.motocarescapes.com.br\\\/v2\\\/produto\\\/escape-operado-2-em-1-original-e-grave-esportivo-similar-yamaha-xtz-250-lander-2008-2018\\\/\",\"url\":\"https:\\\/\\\/www.motocarescapes.com.br\\\/v2\\\/produto\\\/escape-operado-2-em-1-original-e-grave-esportivo-similar-yamaha-xtz-250-lander-2008-2018\\\/\",\"name\":\"Escape Operado 2 em 1 (Original e Grave Esportivo) Similar Yamaha XTZ 250 Lander 2008 \u00e0 2018 - MOTO&#039;CAR ESCAPES\",\"isPartOf\":{\"@id\":\"https:\\\/\\\/www.motocarescapes.com.br\\\/v2\\\/#website\"},\"primaryImageOfPage\":{\"@id\":\"https:\\\/\\\/www.motocarescapes.com.br\\\/v2\\\/produto\\\/escape-operado-2-em-1-original-e-grave-esportivo-similar-yamaha-xtz-250-lander-2008-2018\\\/#primaryimage\"},\"image\":{\"@id\":\"https:\\\/\\\/www.motocarescapes.com.br\\\/v2\\\/produto\\\/escape-operado-2-em-1-original-e-grave-esportivo-similar-yamaha-xtz-250-lander-2008-2018\\\/#primaryimage\"},\"thumbnailUrl\":\"https:\\\/\\\/www.motocarescapes.com.br\\\/v2\\\/wp-content\\\/uploads\\\/2018\\\/05\\\/IMG_5961.jpg\",\"datePublished\":\"2018-05-02T17:27:28+00:00\",\"dateModified\":\"2025-10-23T12:37:50+00:00\",\"breadcrumb\":{\"@id\":\"https:\\\/\\\/www.motocarescapes.com.br\\\/v2\\\/produto\\\/escape-operado-2-em-1-original-e-grave-esportivo-similar-yamaha-xtz-250-lander-2008-2018\\\/#breadcrumb\"},\"inLanguage\":\"pt-BR\",\"potentialAction\":[{\"@type\":\"ReadAction\",\"target\":[\"https:\\\/\\\/www.motocarescapes.com.br\\\/v2\\\/produto\\\/escape-operado-2-em-1-original-e-grave-esportivo-similar-yamaha-xtz-250-lander-2008-2018\\\/\"]}]},{\"@type\":\"ImageObject\",\"inLanguage\":\"pt-BR\",\"@id\":\"https:\\\/\\\/www.motocarescapes.com.br\\\/v2\\\/produto\\\/escape-operado-2-em-1-original-e-grave-esportivo-similar-yamaha-xtz-250-lander-2008-2018\\\/#primaryimage\",\"url\":\"https:\\\/\\\/www.motocarescapes.com.br\\\/v2\\\/wp-content\\\/uploads\\\/2018\\\/05\\\/IMG_5961.jpg\",\"contentUrl\":\"https:\\\/\\\/www.motocarescapes.com.br\\\/v2\\\/wp-content\\\/uploads\\\/2018\\\/05\\\/IMG_5961.jpg\",\"width\":750,\"height\":995},{\"@type\":\"BreadcrumbList\",\"@id\":\"https:\\\/\\\/www.motocarescapes.com.br\\\/v2\\\/produto\\\/escape-operado-2-em-1-original-e-grave-esportivo-similar-yamaha-xtz-250-lander-2008-2018\\\/#breadcrumb\",\"itemListElement\":[{\"@type\":\"ListItem\",\"position\":1,\"name\":\"In\u00edcio\",\"item\":\"https:\\\/\\\/www.motocarescapes.com.br\\\/v2\\\/\"},{\"@type\":\"ListItem\",\"position\":2,\"name\":\"Conhe\u00e7a os nossos produtos\",\"item\":\"https:\\\/\\\/www.motocarescapes.com.br\\\/v2\\\/\"},{\"@type\":\"ListItem\",\"position\":3,\"name\":\"Escape Operado 2 em 1 (Original e Grave Esportivo) Similar Yamaha XTZ 250 Lander 2008 \u00e0 2018\"}]},{\"@type\":\"WebSite\",\"@id\":\"https:\\\/\\\/www.motocarescapes.com.br\\\/v2\\\/#website\",\"url\":\"https:\\\/\\\/www.motocarescapes.com.br\\\/v2\\\/\",\"name\":\"MOTO&#039;CAR ESCAPES\",\"description\":\"S\u00f3 mais um site WordPress\",\"publisher\":{\"@id\":\"https:\\\/\\\/www.motocarescapes.com.br\\\/v2\\\/#organization\"},\"potentialAction\":[{\"@type\":\"SearchAction\",\"target\":{\"@type\":\"EntryPoint\",\"urlTemplate\":\"https:\\\/\\\/www.motocarescapes.com.br\\\/v2\\\/?s={search_term_string}\"},\"query-input\":{\"@type\":\"PropertyValueSpecification\",\"valueRequired\":true,\"valueName\":\"search_term_string\"}}],\"inLanguage\":\"pt-BR\"},{\"@type\":\"Organization\",\"@id\":\"https:\\\/\\\/www.motocarescapes.com.br\\\/v2\\\/#organization\",\"name\":\"Moto'car Escapes\",\"url\":\"https:\\\/\\\/www.motocarescapes.com.br\\\/v2\\\/\",\"logo\":{\"@type\":\"ImageObject\",\"inLanguage\":\"pt-BR\",\"@id\":\"https:\\\/\\\/www.motocarescapes.com.br\\\/v2\\\/#\\\/schema\\\/logo\\\/image\\\/\",\"url\":\"https:\\\/\\\/www.motocarescapes.com.br\\\/v2\\\/wp-content\\\/uploads\\\/2021\\\/01\\\/IMG-20210113-WA0022.jpg\",\"contentUrl\":\"https:\\\/\\\/www.motocarescapes.com.br\\\/v2\\\/wp-content\\\/uploads\\\/2021\\\/01\\\/IMG-20210113-WA0022.jpg\",\"width\":1280,\"height\":769,\"caption\":\"Moto'car Escapes\"},\"image\":{\"@id\":\"https:\\\/\\\/www.motocarescapes.com.br\\\/v2\\\/#\\\/schema\\\/logo\\\/image\\\/\"},\"sameAs\":[\"https:\\\/\\\/www.facebook.com\\\/motocarescapes\\\/\",\"https:\\\/\\\/www.instagram.com\\\/motocarescapes\\\/\",\"https:\\\/\\\/youtube.com\\\/c\\\/MotoCarEscapes\"]}]}<\/script>\n<!-- \/ Yoast SEO plugin. -->","yoast_head_json":{"title":"Escape Operado 2 em 1 (Original e Grave Esportivo) Similar Yamaha XTZ 250 Lander 2008 \u00e0 2018 - MOTO&#039;CAR ESCAPES","robots":{"index":"index","follow":"follow","max-snippet":"max-snippet:-1","max-image-preview":"max-image-preview:large","max-video-preview":"max-video-preview:-1"},"canonical":"https:\/\/www.motocarescapes.com.br\/v2\/produto\/escape-operado-2-em-1-original-e-grave-esportivo-similar-yamaha-xtz-250-lander-2008-2018\/","og_locale":"pt_BR","og_type":"article","og_title":"Escape Operado 2 em 1 (Original e Grave Esportivo) Similar Yamaha XTZ 250 Lander 2008 \u00e0 2018 - MOTO&#039;CAR ESCAPES","og_description":"Escape Operado 2 em 1 (Original e Grave Esportivo) Similar Yamaha XTZ 250 Lander 2008\/2009\/2010\/2011\/2012\/2013\/2014\/2015\/2016\/2017\/2018 Escape Operado 2 em 1 (Feito Artesanalmente) que permite voc\u00ea&hellip;","og_url":"https:\/\/www.motocarescapes.com.br\/v2\/produto\/escape-operado-2-em-1-original-e-grave-esportivo-similar-yamaha-xtz-250-lander-2008-2018\/","og_site_name":"MOTO&#039;CAR ESCAPES","article_publisher":"https:\/\/www.facebook.com\/motocarescapes\/","article_modified_time":"2025-10-23T12:37:50+00:00","og_image":[{"width":750,"height":995,"url":"https:\/\/www.motocarescapes.com.br\/v2\/wp-content\/uploads\/2018\/05\/IMG_5961.jpg","type":"image\/jpeg"}],"twitter_card":"summary_large_image","twitter_misc":{"Est. tempo de leitura":"1 minuto"},"schema":{"@context":"https:\/\/schema.org","@graph":[{"@type":"WebPage","@id":"https:\/\/www.motocarescapes.com.br\/v2\/produto\/escape-operado-2-em-1-original-e-grave-esportivo-similar-yamaha-xtz-250-lander-2008-2018\/","url":"https:\/\/www.motocarescapes.com.br\/v2\/produto\/escape-operado-2-em-1-original-e-grave-esportivo-similar-yamaha-xtz-250-lander-2008-2018\/","name":"Escape Operado 2 em 1 (Original e Grave Esportivo) Similar Yamaha XTZ 250 Lander 2008 \u00e0 2018 - MOTO&#039;CAR ESCAPES","isPartOf":{"@id":"https:\/\/www.motocarescapes.com.br\/v2\/#website"},"primaryImageOfPage":{"@id":"https:\/\/www.motocarescapes.com.br\/v2\/produto\/escape-operado-2-em-1-original-e-grave-esportivo-similar-yamaha-xtz-250-lander-2008-2018\/#primaryimage"},"image":{"@id":"https:\/\/www.motocarescapes.com.br\/v2\/produto\/escape-operado-2-em-1-original-e-grave-esportivo-similar-yamaha-xtz-250-lander-2008-2018\/#primaryimage"},"thumbnailUrl":"https:\/\/www.motocarescapes.com.br\/v2\/wp-content\/uploads\/2018\/05\/IMG_5961.jpg","datePublished":"2018-05-02T17:27:28+00:00","dateModified":"2025-10-23T12:37:50+00:00","breadcrumb":{"@id":"https:\/\/www.motocarescapes.com.br\/v2\/produto\/escape-operado-2-em-1-original-e-grave-esportivo-similar-yamaha-xtz-250-lander-2008-2018\/#breadcrumb"},"inLanguage":"pt-BR","potentialAction":[{"@type":"ReadAction","target":["https:\/\/www.motocarescapes.com.br\/v2\/produto\/escape-operado-2-em-1-original-e-grave-esportivo-similar-yamaha-xtz-250-lander-2008-2018\/"]}]},{"@type":"ImageObject","inLanguage":"pt-BR","@id":"https:\/\/www.motocarescapes.com.br\/v2\/produto\/escape-operado-2-em-1-original-e-grave-esportivo-similar-yamaha-xtz-250-lander-2008-2018\/#primaryimage","url":"https:\/\/www.motocarescapes.com.br\/v2\/wp-content\/uploads\/2018\/05\/IMG_5961.jpg","contentUrl":"https:\/\/www.motocarescapes.com.br\/v2\/wp-content\/uploads\/2018\/05\/IMG_5961.jpg","width":750,"height":995},{"@type":"BreadcrumbList","@id":"https:\/\/www.motocarescapes.com.br\/v2\/produto\/escape-operado-2-em-1-original-e-grave-esportivo-similar-yamaha-xtz-250-lander-2008-2018\/#breadcrumb","itemListElement":[{"@type":"ListItem","position":1,"name":"In\u00edcio","item":"https:\/\/www.motocarescapes.com.br\/v2\/"},{"@type":"ListItem","position":2,"name":"Conhe\u00e7a os nossos produtos","item":"https:\/\/www.motocarescapes.com.br\/v2\/"},{"@type":"ListItem","position":3,"name":"Escape Operado 2 em 1 (Original e Grave Esportivo) Similar Yamaha XTZ 250 Lander 2008 \u00e0 2018"}]},{"@type":"WebSite","@id":"https:\/\/www.motocarescapes.com.br\/v2\/#website","url":"https:\/\/www.motocarescapes.com.br\/v2\/","name":"MOTO&#039;CAR ESCAPES","description":"S\u00f3 mais um site WordPress","publisher":{"@id":"https:\/\/www.motocarescapes.com.br\/v2\/#organization"},"potentialAction":[{"@type":"SearchAction","target":{"@type":"EntryPoint","urlTemplate":"https:\/\/www.motocarescapes.com.br\/v2\/?s={search_term_string}"},"query-input":{"@type":"PropertyValueSpecification","valueRequired":true,"valueName":"search_term_string"}}],"inLanguage":"pt-BR"},{"@type":"Organization","@id":"https:\/\/www.motocarescapes.com.br\/v2\/#organization","name":"Moto'car Escapes","url":"https:\/\/www.motocarescapes.com.br\/v2\/","logo":{"@type":"ImageObject","inLanguage":"pt-BR","@id":"https:\/\/www.motocarescapes.com.br\/v2\/#\/schema\/logo\/image\/","url":"https:\/\/www.motocarescapes.com.br\/v2\/wp-content\/uploads\/2021\/01\/IMG-20210113-WA0022.jpg","contentUrl":"https:\/\/www.motocarescapes.com.br\/v2\/wp-content\/uploads\/2021\/01\/IMG-20210113-WA0022.jpg","width":1280,"height":769,"caption":"Moto'car Escapes"},"image":{"@id":"https:\/\/www.motocarescapes.com.br\/v2\/#\/schema\/logo\/image\/"},"sameAs":["https:\/\/www.facebook.com\/motocarescapes\/","https:\/\/www.instagram.com\/motocarescapes\/","https:\/\/youtube.com\/c\/MotoCarEscapes"]}]}},"_links":{"self":[{"href":"https:\/\/www.motocarescapes.com.br\/v2\/wp-json\/wp\/v2\/product\/1078","targetHints":{"allow":["GET"]}}],"collection":[{"href":"https:\/\/www.motocarescapes.com.br\/v2\/wp-json\/wp\/v2\/product"}],"about":[{"href":"https:\/\/www.motocarescapes.com.br\/v2\/wp-json\/wp\/v2\/types\/product"}],"replies":[{"embeddable":true,"href":"https:\/\/www.motocarescapes.com.br\/v2\/wp-json\/wp\/v2\/comments?post=1078"}],"wp:featuredmedia":[{"embeddable":true,"href":"https:\/\/www.motocarescapes.com.br\/v2\/wp-json\/wp\/v2\/media\/66651"}],"wp:attachment":[{"href":"https:\/\/www.motocarescapes.com.br\/v2\/wp-json\/wp\/v2\/media?parent=1078"}],"wp:term":[{"taxonomy":"product_brand","embeddable":true,"href":"https:\/\/www.motocarescapes.com.br\/v2\/wp-json\/wp\/v2\/product_brand?post=1078"},{"taxonomy":"product_cat","embeddable":true,"href":"https:\/\/www.motocarescapes.com.br\/v2\/wp-json\/wp\/v2\/product_cat?post=1078"},{"taxonomy":"product_tag","embeddable":true,"href":"https:\/\/www.motocarescapes.com.br\/v2\/wp-json\/wp\/v2\/product_tag?post=1078"}],"curies":[{"name":"wp","href":"https:\/\/api.w.org\/{rel}","templated":true}]}}